{"id":11283,"date":"2025-02-13T20:32:24","date_gmt":"2025-02-13T20:32:24","guid":{"rendered":"https:\/\/www.quintadocrasto.wine\/swimming-pool\/"},"modified":"2025-04-04T17:07:49","modified_gmt":"2025-04-04T16:07:49","slug":"swimming-pool","status":"publish","type":"page","link":"https:\/\/www.quintadocrasto.wine\/en\/swimming-pool\/","title":{"rendered":"Swimming Pool"},"content":{"rendered":"\t\t<div data-elementor-type=\"wp-page\" data-elementor-id=\"11283\" class=\"elementor elementor-11283 elementor-11278\" data-elementor-post-type=\"page\">\n\t\t\t\t<div class=\"elementor-element elementor-element-6881909f e-con-full e-flex e-con e-parent\" data-id=\"6881909f\" data-element_type=\"container\" data-e-type=\"container\">\n\t\t\t\t<div class=\"elementor-element elementor-element-78b6b835 elementor-widget elementor-widget-text-editor\" data-id=\"78b6b835\" data-element_type=\"widget\" data-e-type=\"widget\" data-widget_type=\"text-editor.default\">\n\t\t\t\t<div class=\"elementor-widget-container\">\n\t\t\t\t\t\t\t\t\t<p>Perched atop the hills rising from the Douro River, the famous infinity pool at the Quinta do Crasto was designed at the beginning of this century by architect <a href=\"http:\/\/www.pritzkerprize.com\/laureates\/2011\/\" target=\"_blank\" rel=\"noopener\">Eduardo Souto de Moura<\/a>, vwinner in 2011 of the world\u2019s most prestigious architecture award, the Pritzker Prize. For more than a decade, this gem has embellished this prized location.<\/p>\n<p>One of the most remarkable characteristics of architecture is its ability to create optical illusions depending on the angle from which a piece is viewed. Although this pool appears to be a rectangle, it is, in fact, trapezoidal. In other words, two sides, the furthest ones, are parallel while the lateral ones are in fact diagonals: one, on the side of the schist wall, slightly penetrates the wooden deck sporting tables, lounge chairs and umbrellas. On the riverside, a more acute angle seems to hover mid-air over the Douro River, forming the famous corner of the pool where no one can resist taking a picture of the enchanting landscape.<\/p>\n<p>In some pictures of Quinta do Crasto, aerial shots or those taken from some distance and at higher elevations, the trapezoidal shape can clearly be picked out. From there it is easy to see that the side of the pool facing the river is longer than that landside. This design maximises natural light throughout the site and makes the most of this premium location.<\/p>\n\t\t\t\t\t\t\t\t<\/div>\n\t\t\t\t<\/div>\n\t\t\t\t<\/div>\n\t\t<div class=\"elementor-element elementor-element-77b2fdd2 e-con-full e-flex e-con e-parent\" data-id=\"77b2fdd2\" data-element_type=\"container\" data-e-type=\"container\" data-settings=\"{&quot;background_background&quot;:&quot;classic&quot;}\">\n\t\t\t\t<\/div>\n\t\t<div class=\"elementor-element elementor-element-57793df4 e-con-full e-flex e-con e-parent\" data-id=\"57793df4\" data-element_type=\"container\" data-e-type=\"container\">\n\t\t\t\t<div class=\"elementor-element elementor-element-7483c43 elementor-widget elementor-widget-text-editor\" data-id=\"7483c43\" data-element_type=\"widget\" data-e-type=\"widget\" data-widget_type=\"text-editor.default\">\n\t\t\t\t<div class=\"elementor-widget-container\">\n\t\t\t\t\t\t\t\t\t<p>Located on one of the highest and most privileged spots at the Quinta do Crasto, the pool has attracted many visitors and national and international journalists. In 2011, it appeared at the end of the <a href=\"https:\/\/www.turismodeportugal.pt\/en\/Pages\/homepage.aspx\" target=\"_blank\" rel=\"noopener\">Portuguese Tourism&#8217;s<\/a> film \u00ab<a href=\"https:\/\/youtu.be\/FDmpHu23Of0\" target=\"_blank\" rel=\"noopener\">Portugal, The beauty of simplicity<\/a>\u00bb which has been shown at promotional events domestically in addition to the international campaign that took place that year in countries including Germany, Spain, Great Britain, Denmark, France, Holland, Ireland, Norway, Sweden, Russia and Poland amongst others. This four-minute film presented the most popular tourist destinations in the country and has won numerous international awards at international tourism and film festivals.<\/p>\n\t\t\t\t\t\t\t\t<\/div>\n\t\t\t\t<\/div>\n\t\t\t\t<\/div>\n\t\t<div class=\"elementor-element elementor-element-11ba584a e-con-full e-flex e-con e-parent\" data-id=\"11ba584a\" data-element_type=\"container\" data-e-type=\"container\">\n\t\t\t\t<div class=\"elementor-element elementor-element-7607453d elementor-widget elementor-widget-shortcode\" data-id=\"7607453d\" data-element_type=\"widget\" data-e-type=\"widget\" data-widget_type=\"shortcode.default\">\n\t\t\t\t<div class=\"elementor-widget-container\">\n\t\t\t\t\t\t\t<div class=\"elementor-shortcode\"><!-- ipanorama begin --><div class=\"ipanorama ipnrm-7\" data-json-src=\"https:\/\/www.quintadocrasto.wine\/en\/wp-json\/ipanorama\/v1\/item\/7\" data-item-id=\"7\" style=\"display:none;height:680px;\"><div class=\"ipnrm-store\" style=\"display:none;\">\n<div class=\"ipnrm-scene\" data-scene-id=\"91E0EA16EA\">\n<div class=\"ipnrm-markers-data\">\n<\/div>\n<div class=\"ipnrm-tooltips-data\">\n<\/div>\n<div class=\"ipnrm-popovers-data\">\n<\/div>\n<\/div>\n<\/div><\/div><!-- ipanorama end --><\/div>\n\t\t\t\t\t\t<\/div>\n\t\t\t\t<\/div>\n\t\t\t\t<\/div>\n\t\t<div class=\"elementor-element elementor-element-43edddf e-con-full e-flex e-con e-parent\" data-id=\"43edddf\" data-element_type=\"container\" data-e-type=\"container\">\n\t\t\t\t<div class=\"elementor-element elementor-element-81d86d1 elementor-widget elementor-widget-text-editor\" data-id=\"81d86d1\" data-element_type=\"widget\" data-e-type=\"widget\" data-widget_type=\"text-editor.default\">\n\t\t\t\t<div class=\"elementor-widget-container\">\n\t\t\t\t\t\t\t\t\t<p>Between 2015 and 2016, the Portuguese TV channel SIC broadcast Cora\u00e7\u00e3o d\u2019Ouro, a television drama largely set in the Douro Valley. Quinta do Crasto and the swimming pool, particularly, was the setting of scenes played by actors including Rita Blanco, Jo\u00e3o Reis, Mariana Pacheco, Diana Chaves who brought this truly Portuguese story to life. Cora\u00e7\u00e3o D\u2019Ouro won the Best World Telenovela at New York Festivals World\u2019s Best TV &amp; Films in April 2016.<\/p>\n\t\t\t\t\t\t\t\t<\/div>\n\t\t\t\t<\/div>\n\t\t\t\t<\/div>\n\t\t<div class=\"elementor-element elementor-element-bec1666 e-con-full e-flex e-con e-parent\" data-id=\"bec1666\" data-element_type=\"container\" data-e-type=\"container\" data-settings=\"{&quot;background_background&quot;:&quot;classic&quot;}\">\n\t\t\t\t<\/div>\n\t\t<div class=\"elementor-element elementor-element-2e26f1e e-con-full e-flex e-con e-parent\" data-id=\"2e26f1e\" data-element_type=\"container\" data-e-type=\"container\">\n\t\t\t\t<div class=\"elementor-element elementor-element-0fe9701 elementor-widget elementor-widget-text-editor\" data-id=\"0fe9701\" data-element_type=\"widget\" data-e-type=\"widget\" data-widget_type=\"text-editor.default\">\n\t\t\t\t<div class=\"elementor-widget-container\">\n\t\t\t\t\t\t\t\t\t<p>The pool appears to stretch infinitely from the deck where visitors pause to admire the Douro River and the hills surrounding the valley. But the pool is no less breath-taking from the opposite side where you can fully appreciate the architectural work of the famous Eduardo Souto e Moura, as well as the schist hills that cradle it. This is a special spot at the Quinta do Crasto, where you can clearly appreciate the characteristics of the Douro terroir, since the natural schist wall found here is a magnificent example of the composition of the soil. In it you can see huge chips of the rock that is characteristic of the soil of this majestic winemaking region.<\/p>\n\t\t\t\t\t\t\t\t<\/div>\n\t\t\t\t<\/div>\n\t\t\t\t<\/div>\n\t\t<div class=\"elementor-element elementor-element-a7cc3df e-con-full e-flex e-con e-parent\" data-id=\"a7cc3df\" data-element_type=\"container\" data-e-type=\"container\" data-settings=\"{&quot;background_background&quot;:&quot;classic&quot;}\">\n\t\t\t\t<\/div>\n\t\t<div class=\"elementor-element elementor-element-26a4f0f e-con-full e-flex e-con e-parent\" data-id=\"26a4f0f\" data-element_type=\"container\" data-e-type=\"container\">\n\t\t\t\t<div class=\"elementor-element elementor-element-1ae01418 elementor-widget elementor-widget-text-editor\" data-id=\"1ae01418\" data-element_type=\"widget\" data-e-type=\"widget\" data-widget_type=\"text-editor.default\">\n\t\t\t\t<div class=\"elementor-widget-container\">\n\t\t\t\t\t\t\t\t\t<p>Here, everything is always quiet, ensconced in the limitless serenity that imbues all who visit the estate, everything in tune with the imposing landscape encircling the pool. It will make you want to dive in, to relax in the corner of the pool facing the Douro River, so that you might contemplate this natural monument sculpted by the human hand. You can breathe in deeply and just live the moment\u2026<\/p>\n\t\t\t\t\t\t\t\t<\/div>\n\t\t\t\t<\/div>\n\t\t\t\t<\/div>\n\t\t<div class=\"elementor-element elementor-element-78e558fc e-con-full e-flex e-con e-parent\" data-id=\"78e558fc\" data-element_type=\"container\" data-e-type=\"container\">\n\t\t\t\t<div class=\"elementor-element elementor-element-2eb097e1 elementor-widget elementor-widget-template\" data-id=\"2eb097e1\" data-element_type=\"widget\" data-e-type=\"widget\" data-widget_type=\"template.default\">\n\t\t\t\t<div class=\"elementor-widget-container\">\n\t\t\t\t\t\t\t<div class=\"elementor-template\">\n\t\t\t\t\t<div data-elementor-type=\"container\" data-elementor-id=\"11069\" class=\"elementor elementor-11069 elementor-11041 elementor-11041\" data-elementor-post-type=\"elementor_library\">\n\t\t\t\t<div class=\"elementor-element elementor-element-2ae0e314 e-con-full e-flex e-con e-parent\" data-id=\"2ae0e314\" data-element_type=\"container\" data-e-type=\"container\">\n\t\t\t\t<div class=\"elementor-element elementor-element-416f3fd7 elementor-icon-list--layout-traditional elementor-list-item-link-full_width elementor-widget elementor-widget-icon-list\" data-id=\"416f3fd7\" data-element_type=\"widget\" data-e-type=\"widget\" data-widget_type=\"icon-list.default\">\n\t\t\t\t<div class=\"elementor-widget-container\">\n\t\t\t\t\t\t\t<ul class=\"elementor-icon-list-items\">\n\t\t\t\t\t\t\t<li class=\"elementor-icon-list-item\">\n\t\t\t\t\t\t\t\t\t\t\t<span class=\"elementor-icon-list-icon\">\n\t\t\t\t\t\t\t<svg aria-hidden=\"true\" class=\"e-font-icon-svg e-fas-check\" viewBox=\"0 0 512 512\" xmlns=\"http:\/\/www.w3.org\/2000\/svg\"><path d=\"M173.898 439.404l-166.4-166.4c-9.997-9.997-9.997-26.206 0-36.204l36.203-36.204c9.997-9.998 26.207-9.998 36.204 0L192 312.69 432.095 72.596c9.997-9.997 26.207-9.997 36.204 0l36.203 36.204c9.997 9.997 9.997 26.206 0 36.204l-294.4 294.401c-9.998 9.997-26.207 9.997-36.204-.001z\"><\/path><\/svg>\t\t\t\t\t\t<\/span>\n\t\t\t\t\t\t\t\t\t\t<span class=\"elementor-icon-list-text\">Last Updated: 4 \/ April \/ 2025<\/span>\n\t\t\t\t\t\t\t\t\t<\/li>\n\t\t\t\t\t\t<\/ul>\n\t\t\t\t\t\t<\/div>\n\t\t\t\t<\/div>\n\t\t\t\t<\/div>\n\t\t\t\t<\/div>\n\t\t\t\t<\/div>\n\t\t\t\t\t\t<\/div>\n\t\t\t\t<\/div>\n\t\t\t\t<\/div>\n\t\t\t\t<\/div>\n\t\t","protected":false},"excerpt":{"rendered":"<p>Perched atop the hills rising from the Douro River, the famous infinity pool at the Quinta do Crasto was designed at the beginning of this century by architect Eduardo Souto&#8230;<\/p>\n","protected":false},"author":5,"featured_media":0,"parent":0,"menu_order":0,"comment_status":"closed","ping_status":"closed","template":"","meta":{"_acf_changed":false,"footnotes":""},"class_list":["post-11283","page","type-page","status-publish"],"acf":[],"_links":{"self":[{"href":"https:\/\/www.quintadocrasto.wine\/en\/wp-json\/wp\/v2\/pages\/11283","targetHints":{"allow":["GET"]}}],"collection":[{"href":"https:\/\/www.quintadocrasto.wine\/en\/wp-json\/wp\/v2\/pages"}],"about":[{"href":"https:\/\/www.quintadocrasto.wine\/en\/wp-json\/wp\/v2\/types\/page"}],"author":[{"embeddable":true,"href":"https:\/\/www.quintadocrasto.wine\/en\/wp-json\/wp\/v2\/users\/5"}],"replies":[{"embeddable":true,"href":"https:\/\/www.quintadocrasto.wine\/en\/wp-json\/wp\/v2\/comments?post=11283"}],"version-history":[{"count":0,"href":"https:\/\/www.quintadocrasto.wine\/en\/wp-json\/wp\/v2\/pages\/11283\/revisions"}],"wp:attachment":[{"href":"https:\/\/www.quintadocrasto.wine\/en\/wp-json\/wp\/v2\/media?parent=11283"}],"curies":[{"name":"wp","href":"https:\/\/api.w.org\/{rel}","templated":true}]}}